{"id":1937,"date":"2025-12-27T13:16:27","date_gmt":"2025-12-27T12:16:27","guid":{"rendered":"http:\/\/elmenyvendeghaz.hu\/?page_id=1937"},"modified":"2025-12-28T13:52:08","modified_gmt":"2025-12-28T12:52:08","slug":"programok","status":"publish","type":"page","link":"https:\/\/elmenyvendeghaz.hu\/de\/programok\/","title":{"rendered":"Programme"},"content":{"rendered":"<div data-elementor-type=\"wp-page\" data-elementor-id=\"1937\" class=\"elementor elementor-1937\" data-elementor-post-type=\"page\">\n\t\t\t\t<div class=\"elementor-element elementor-element-09a0077 e-flex e-con-boxed e-con e-parent\" data-id=\"09a0077\" data-element_type=\"container\" data-e-type=\"container\">\n\t\t\t\t\t<div class=\"e-con-inner\">\n\t\t\t\t<div class=\"elementor-element elementor-element-38714db elementor-widget elementor-widget-html\" data-id=\"38714db\" data-element_type=\"widget\" data-e-type=\"widget\" data-widget_type=\"html.default\">\n\t\t\t\t<div class=\"elementor-widget-container\">\n\t\t\t\t\t<style>\r\n.pdf-list-wrapper {\r\n    max-width: 1100px;\r\n    margin: 40px auto;\r\n    display: flex;\r\n    flex-direction: column;\r\n    gap: 50px;\r\n}\r\n\r\n.pdf-row {\r\n    background: #ffffff;\r\n    border-radius: 14px;\r\n    box-shadow: 0 15px 40px rgba(0,0,0,0.08);\r\n    padding: 25px;\r\n}\r\n\r\n.pdf-title {\r\n    font-size: 20px;\r\n    font-weight: 700;\r\n    margin-bottom: 18px;\r\n    text-align: center;\r\n}\r\n\r\n.pdf-row iframe {\r\n    width: 100%;\r\n    height: 650px;\r\n    border-radius: 10px;\r\n    border: 1px solid #e5e5e5;\r\n}\r\n\r\n.pdf-buttons {\r\n    margin-top: 20px;\r\n    display: flex;\r\n    justify-content: center;\r\n    gap: 20px;\r\n}\r\n\r\n.pdf-buttons a {\r\n    padding: 14px 28px;\r\n    border-radius: 10px;\r\n    font-size: 16px;\r\n    font-weight: 600;\r\n    text-decoration: none;\r\n    transition: all 0.25s ease;\r\n}\r\n\r\n.btn-view {\r\n    background: #f1f1f1;\r\n    color: #333;\r\n}\r\n\r\n.btn-view:hover {\r\n    background: #e2e2e2;\r\n}\r\n\r\n.btn-download {\r\n    background: #0d6efd;\r\n    color: #fff;\r\n}\r\n\r\n.btn-download:hover {\r\n    background: #0b5ed7;\r\n}\r\n\r\n\/* Mobil optimaliz\u00e1l\u00e1s *\/\r\n@media (max-width: 768px) {\r\n    .pdf-row iframe {\r\n        height: 420px;\r\n    }\r\n    .pdf-buttons {\r\n        flex-direction: column;\r\n    }\r\n}\r\n<\/style>\r\n\r\n<div class=\"pdf-list-wrapper\">\r\n\r\n    <div class=\"pdf-row\">\r\n        <div class=\"pdf-title\">Touristenpublikation<\/div>\r\n        <iframe src=\"\/wp-content\/uploads\/2025\/12\/Turisztikai-kiadvany_a5_webes_felhasznalas_kifuto_nelkul_HU_VEGLEGES-compressed.pdf\"><\/iframe>\r\n        <div class=\"pdf-buttons\">\r\n            <a class=\"btn-view\" target=\"_blank\" href=\"\/wp-content\/uploads\/2025\/12\/Turisztikai-kiadvany_a5_webes_felhasznalas_kifuto_nelkul_HU_VEGLEGES-compressed.pdf\">Sicht<\/a>\r\n            <a class=\"btn-download\" download href=\"\/wp-content\/uploads\/2025\/12\/Turisztikai-kiadvany_a5_webes_felhasznalas_kifuto_nelkul_HU_VEGLEGES-compressed.pdf\">Herunterladen<\/a>\r\n        <\/div>\r\n    <\/div>\r\n\r\n    <div class=\"pdf-row\">\r\n        <div class=\"pdf-title\">Ruhetage<\/div>\r\n        <iframe src=\"\/wp-content\/uploads\/2025\/12\/Pihenteto-Napok-kulso-iv_02_compressed.pdf\"><\/iframe>\r\n        <div class=\"pdf-buttons\">\r\n            <a class=\"btn-view\" target=\"_blank\" href=\"\/wp-content\/uploads\/2025\/12\/Pihenteto-Napok-kulso-iv_02_compressed.pdf\">Sicht<\/a>\r\n            <a class=\"btn-download\" download href=\"\/wp-content\/uploads\/2025\/12\/Pihenteto-Napok-kulso-iv_02_compressed.pdf\">Herunterladen<\/a>\r\n        <\/div>\r\n    <\/div>\r\n\r\n    <div class=\"pdf-row\">\r\n        <div class=\"pdf-title\">Ruhetage \u2013 innerer Bogen<\/div>\r\n        <iframe src=\"\/wp-content\/uploads\/2025\/12\/Pihenteto-Napok-belso-iv-1_compressed.pdf\"><\/iframe>\r\n        <div class=\"pdf-buttons\">\r\n            <a class=\"btn-view\" target=\"_blank\" href=\"\/wp-content\/uploads\/2025\/12\/Pihenteto-Napok-belso-iv-1_compressed.pdf\">Sicht<\/a>\r\n            <a class=\"btn-download\" download href=\"\/wp-content\/uploads\/2025\/12\/Pihenteto-Napok-belso-iv-1_compressed.pdf\">Herunterladen<\/a>\r\n        <\/div>\r\n    <\/div>\r\n\r\n    <div class=\"pdf-row\">\r\n        <div class=\"pdf-title\">Leporello \u2013 Csurg\u00f3 und Umgebung<\/div>\r\n        <iframe src=\"\/wp-content\/uploads\/2025\/12\/LEPORELLO_Csurgo_es_Kornyeke_utazas_kiadvany_HU_nyomda_5_mm_gorbesitett_compressed.pdf\"><\/iframe>\r\n        <div class=\"pdf-buttons\">\r\n            <a class=\"btn-view\" target=\"_blank\" href=\"\/wp-content\/uploads\/2025\/12\/LEPORELLO_Csurgo_es_Kornyeke_utazas_kiadvany_HU_nyomda_5_mm_gorbesitett_compressed.pdf\">Sicht<\/a>\r\n            <a class=\"btn-download\" download href=\"\/wp-content\/uploads\/2025\/12\/LEPORELLO_Csurgo_es_Kornyeke_utazas_kiadvany_HU_nyomda_5_mm_gorbesitett_compressed.pdf\">Herunterladen<\/a>\r\n        <\/div>\r\n    <\/div>\r\n\r\n<\/div>\r\n\t\t\t\t<\/div>\n\t\t\t\t<\/div>\n\t\t\t\t\t<\/div>\n\t\t\t\t<\/div>\n\t\t\t\t<\/div>","protected":false},"excerpt":{"rendered":"<p>Turisztikai kiadv\u00e1ny Megtekint\u00e9s Let\u00f6lt\u00e9s Pihentet\u0151 napok \u2013 k\u00fcls\u0151 \u00edv Megtekint\u00e9s Let\u00f6lt\u00e9s Pihentet\u0151 napok \u2013 bels\u0151 \u00edv Megtekint\u00e9s Let\u00f6lt\u00e9s Leporell\u00f3 \u2013 Csurg\u00f3 \u00e9s k\u00f6rny\u00e9ke Megtekint\u00e9s Let\u00f6lt\u00e9s<\/p>","protected":false},"author":2,"featured_media":91,"parent":0,"menu_order":0,"comment_status":"closed","ping_status":"closed","template":"elementor_header_footer","meta":{"site-sidebar-layout":"default","site-content-layout":"","ast-site-content-layout":"default","site-content-style":"default","site-sidebar-style":"default","ast-global-header-display":"","ast-banner-title-visibility":"","ast-main-header-display":"","ast-hfb-above-header-display":"","ast-hfb-below-header-display":"","ast-hfb-mobile-header-display":"","site-post-title":"","ast-breadcrumbs-content":"","ast-featured-img":"","footer-sml-layout":"","ast-disable-related-posts":"","theme-transparent-header-meta":"","adv-header-id-meta":"","stick-header-meta":"","header-above-stick-meta":"","header-main-stick-meta":"","header-below-stick-meta":"","astra-migrate-meta-layouts":"set","ast-page-background-enabled":"default","ast-page-background-meta":{"desktop":{"background-color":"","background-image":"","background-repeat":"repeat","background-position":"center center","background-size":"auto","background-attachment":"scroll","background-type":"","background-media":"","overlay-type":"","overlay-color":"","overlay-opacity":"","overlay-gradient":""},"tablet":{"background-color":"","background-image":"","background-repeat":"repeat","background-position":"center center","background-size":"auto","background-attachment":"scroll","background-type":"","background-media":"","overlay-type":"","overlay-color":"","overlay-opacity":"","overlay-gradient":""},"mobile":{"background-color":"","background-image":"","background-repeat":"repeat","background-position":"center center","background-size":"auto","background-attachment":"scroll","background-type":"","background-media":"","overlay-type":"","overlay-color":"","overlay-opacity":"","overlay-gradient":""}},"ast-content-background-meta":{"desktop":{"background-color":"var(--ast-global-color-5)","background-image":"","background-repeat":"repeat","background-position":"center center","background-size":"auto","background-attachment":"scroll","background-type":"","background-media":"","overlay-type":"","overlay-color":"","overlay-opacity":"","overlay-gradient":""},"tablet":{"background-color":"var(--ast-global-color-5)","background-image":"","background-repeat":"repeat","background-position":"center center","background-size":"auto","background-attachment":"scroll","background-type":"","background-media":"","overlay-type":"","overlay-color":"","overlay-opacity":"","overlay-gradient":""},"mobile":{"background-color":"var(--ast-global-color-5)","background-image":"","background-repeat":"repeat","background-position":"center center","background-size":"auto","background-attachment":"scroll","background-type":"","background-media":"","overlay-type":"","overlay-color":"","overlay-opacity":"","overlay-gradient":""}},"footnotes":""},"class_list":["post-1937","page","type-page","status-publish","has-post-thumbnail","hentry"],"jetpack_sharing_enabled":true,"_links":{"self":[{"href":"https:\/\/elmenyvendeghaz.hu\/de\/wp-json\/wp\/v2\/pages\/1937","targetHints":{"allow":["GET"]}}],"collection":[{"href":"https:\/\/elmenyvendeghaz.hu\/de\/wp-json\/wp\/v2\/pages"}],"about":[{"href":"https:\/\/elmenyvendeghaz.hu\/de\/wp-json\/wp\/v2\/types\/page"}],"author":[{"embeddable":true,"href":"https:\/\/elmenyvendeghaz.hu\/de\/wp-json\/wp\/v2\/users\/2"}],"replies":[{"embeddable":true,"href":"https:\/\/elmenyvendeghaz.hu\/de\/wp-json\/wp\/v2\/comments?post=1937"}],"version-history":[{"count":4,"href":"https:\/\/elmenyvendeghaz.hu\/de\/wp-json\/wp\/v2\/pages\/1937\/revisions"}],"predecessor-version":[{"id":2055,"href":"https:\/\/elmenyvendeghaz.hu\/de\/wp-json\/wp\/v2\/pages\/1937\/revisions\/2055"}],"wp:featuredmedia":[{"embeddable":true,"href":"https:\/\/elmenyvendeghaz.hu\/de\/wp-json\/wp\/v2\/media\/91"}],"wp:attachment":[{"href":"https:\/\/elmenyvendeghaz.hu\/de\/wp-json\/wp\/v2\/media?parent=1937"}],"curies":[{"name":"wp","href":"https:\/\/api.w.org\/{rel}","templated":true}]}}