{"id":1394,"date":"2025-12-08T16:41:29","date_gmt":"2025-12-08T15:41:29","guid":{"rendered":"http:\/\/elmenyvendeghaz.hu\/?page_id=1394"},"modified":"2026-01-02T00:07:45","modified_gmt":"2026-01-01T23:07:45","slug":"hazirend","status":"publish","type":"page","link":"https:\/\/elmenyvendeghaz.hu\/de\/hazirend\/","title":{"rendered":"Hausregeln"},"content":{"rendered":"<div data-elementor-type=\"wp-page\" data-elementor-id=\"1394\" class=\"elementor elementor-1394\" data-elementor-post-type=\"page\">\n\t\t\t\t<div class=\"elementor-element elementor-element-75a13d3 e-flex e-con-boxed e-con e-parent\" data-id=\"75a13d3\" data-element_type=\"container\" data-e-type=\"container\">\n\t\t\t\t\t<div class=\"e-con-inner\">\n\t\t\t\t<div class=\"elementor-element elementor-element-cd7fc64 elementor-icon-list--layout-traditional elementor-list-item-link-full_width elementor-widget elementor-widget-icon-list\" data-id=\"cd7fc64\" data-element_type=\"widget\" data-e-type=\"widget\" data-widget_type=\"icon-list.default\">\n\t\t\t\t<div class=\"elementor-widget-container\">\n\t\t\t\t\t\t\t<ul class=\"elementor-icon-list-items\">\n\t\t\t\t\t\t\t<li class=\"elementor-icon-list-item\">\n\t\t\t\t\t\t\t\t\t\t\t<span class=\"elementor-icon-list-icon\">\n\t\t\t\t\t\t\t<i aria-hidden=\"true\" class=\"far fa-check-circle\"><\/i>\t\t\t\t\t\t<\/span>\n\t\t\t\t\t\t\t\t\t\t<span class=\"elementor-icon-list-text\">Die Unterkunft am Anreisetag <b>Ab 14:00 Uhr<\/b> am Morgen des Abreisetages <b>Bis 10:00 Uhr.<\/b> Die Unterkunft kann gegen eine zus\u00e4tzliche Geb\u00fchr fr\u00fcher gebucht oder am Abreisetag sp\u00e4ter ausgecheckt werden. In beiden F\u00e4llen ist eine vorherige Absprache erforderlich. Bei Abreise vor dem gebuchten Datum wird die Unterkunftsgeb\u00fchr nicht erstattet. <\/span>\n\t\t\t\t\t\t\t\t\t<\/li>\n\t\t\t\t\t\t\t\t<li class=\"elementor-icon-list-item\">\n\t\t\t\t\t\t\t\t\t\t\t<span class=\"elementor-icon-list-icon\">\n\t\t\t\t\t\t\t<i aria-hidden=\"true\" class=\"far fa-check-circle\"><\/i>\t\t\t\t\t\t<\/span>\n\t\t\t\t\t\t\t\t\t\t<span class=\"elementor-icon-list-text\">Die Unterkunft darf nur von der vorab vereinbarten Personenzahl genutzt werden, die der Vermieter ohne Vorank\u00fcndigung kontrollieren kann. G\u00e4ste d\u00fcrfen nur mit ausdr\u00fccklicher Zustimmung des Eigent\u00fcmers Besuch empfangen.<\/span>\n\t\t\t\t\t\t\t\t\t<\/li>\n\t\t\t\t\t\t\t\t<li class=\"elementor-icon-list-item\">\n\t\t\t\t\t\t\t\t\t\t\t<span class=\"elementor-icon-list-icon\">\n\t\t\t\t\t\t\t<i aria-hidden=\"true\" class=\"far fa-check-circle\"><\/i>\t\t\t\t\t\t<\/span>\n\t\t\t\t\t\t\t\t\t\t<span class=\"elementor-icon-list-text\">Beim Einchecken muss der Gast dem Pensionsmanager seine pers\u00f6nlichen Dokumente zur Registrierung aush\u00e4ndigen. <\/span>\n\t\t\t\t\t\t\t\t\t<\/li>\n\t\t\t\t\t\t\t\t<li class=\"elementor-icon-list-item\">\n\t\t\t\t\t\t\t\t\t\t\t<span class=\"elementor-icon-list-icon\">\n\t\t\t\t\t\t\t<i aria-hidden=\"true\" class=\"far fa-check-circle\"><\/i>\t\t\t\t\t\t<\/span>\n\t\t\t\t\t\t\t\t\t\t<span class=\"elementor-icon-list-text\">Haustiere sind in der Pension nicht erlaubt!<\/span>\n\t\t\t\t\t\t\t\t\t<\/li>\n\t\t\t\t\t\t\t\t<li class=\"elementor-icon-list-item\">\n\t\t\t\t\t\t\t\t\t\t\t<span class=\"elementor-icon-list-icon\">\n\t\t\t\t\t\t\t<i aria-hidden=\"true\" class=\"far fa-check-circle\"><\/i>\t\t\t\t\t\t<\/span>\n\t\t\t\t\t\t\t\t\t\t<span class=\"elementor-icon-list-text\"><b>Zahlungsmethoden:<\/b> Bargeld, \u00dcberweisung, Bankkarte, sch\u00f6ne Karte<\/span>\n\t\t\t\t\t\t\t\t\t<\/li>\n\t\t\t\t\t\t\t\t<li class=\"elementor-icon-list-item\">\n\t\t\t\t\t\t\t\t\t\t\t<span class=\"elementor-icon-list-icon\">\n\t\t\t\t\t\t\t<i aria-hidden=\"true\" class=\"far fa-check-circle\"><\/i>\t\t\t\t\t\t<\/span>\n\t\t\t\t\t\t\t\t\t\t<span class=\"elementor-icon-list-text\">Auf dem Gel\u00e4nde der Pension stehen den G\u00e4sten kostenlose, abgeschlossene Parkpl\u00e4tze zur Verf\u00fcgung.<\/span>\n\t\t\t\t\t\t\t\t\t<\/li>\n\t\t\t\t\t\t\t\t<li class=\"elementor-icon-list-item\">\n\t\t\t\t\t\t\t\t\t\t\t<span class=\"elementor-icon-list-icon\">\n\t\t\t\t\t\t\t<i aria-hidden=\"true\" class=\"far fa-check-circle\"><\/i>\t\t\t\t\t\t<\/span>\n\t\t\t\t\t\t\t\t\t\t<span class=\"elementor-icon-list-text\">Rauchen ist nur im daf\u00fcr vorgesehenen Bereich (Innenhof) gestattet. Wir bitten unsere rauchenden G\u00e4ste h\u00f6flich, Zigarettenkippen nicht im ganzen Haus zu verstreuen, sondern sie in den Aschenbecher zu werfen. Rauchen und offenes Feuer sind im gesamten Geb\u00e4ude verboten!<\/span>\n\t\t\t\t\t\t\t\t\t<\/li>\n\t\t\t\t\t\t\t\t<li class=\"elementor-icon-list-item\">\n\t\t\t\t\t\t\t\t\t\t\t<span class=\"elementor-icon-list-icon\">\n\t\t\t\t\t\t\t<i aria-hidden=\"true\" class=\"far fa-check-circle\"><\/i>\t\t\t\t\t\t<\/span>\n\t\t\t\t\t\t\t\t\t\t<span class=\"elementor-icon-list-text\">Bitte nutzen Sie die M\u00f6bel bestimmungsgem\u00e4\u00df! Es ist verboten, die M\u00f6bel und die Ausstattung der Zimmer aus dem Haus zu entfernen! Das Umstellen der M\u00f6bel ist nur mit Zustimmung des Eigent\u00fcmers gestattet. Bei Verlust der Zimmerschl\u00fcssel ist der Gast verpflichtet, den Eigent\u00fcmer unverz\u00fcglich zu benachrichtigen und die entstandenen Kosten (T\u00fcr\u00f6ffnung, Schlossaustausch etc.) zu erstatten.<\/span>\n\t\t\t\t\t\t\t\t\t<\/li>\n\t\t\t\t\t\t\t\t<li class=\"elementor-icon-list-item\">\n\t\t\t\t\t\t\t\t\t\t\t<span class=\"elementor-icon-list-icon\">\n\t\t\t\t\t\t\t<i aria-hidden=\"true\" class=\"far fa-check-circle\"><\/i>\t\t\t\t\t\t<\/span>\n\t\t\t\t\t\t\t\t\t\t<span class=\"elementor-icon-list-text\">Bitte essen Sie nicht in den Zimmern, sondern nur in der K\u00fcche und im Essbereich! Bitte r\u00e4umen Sie die K\u00fcchenutensilien nach Gebrauch wieder an ihren Platz zur\u00fcck.<\/span>\n\t\t\t\t\t\t\t\t\t<\/li>\n\t\t\t\t\t\t\t\t<li class=\"elementor-icon-list-item\">\n\t\t\t\t\t\t\t\t\t\t\t<span class=\"elementor-icon-list-icon\">\n\t\t\t\t\t\t\t<i aria-hidden=\"true\" class=\"far fa-check-circle\"><\/i>\t\t\t\t\t\t<\/span>\n\t\t\t\t\t\t\t\t\t\t<span class=\"elementor-icon-list-text\">Reinigung und Handtuchwechsel w\u00e4hrend Ihres Aufenthalts sind nur auf Anfrage m\u00f6glich. Sollten Sie dies w\u00fcnschen, teilen Sie uns dies bitte im Voraus mit!<\/span>\n\t\t\t\t\t\t\t\t\t<\/li>\n\t\t\t\t\t\t\t\t<li class=\"elementor-icon-list-item\">\n\t\t\t\t\t\t\t\t\t\t\t<span class=\"elementor-icon-list-icon\">\n\t\t\t\t\t\t\t<i aria-hidden=\"true\" class=\"far fa-check-circle\"><\/i>\t\t\t\t\t\t<\/span>\n\t\t\t\t\t\t\t\t\t\t<span class=\"elementor-icon-list-text\">Feuer d\u00fcrfen nur in der daf\u00fcr vorgesehenen Feuerstelle und unter Einhaltung der Brandschutzbestimmungen entz\u00fcndet werden. Nach dem Anz\u00fcnden werden die G\u00e4ste gebeten, die Glut auszusch\u00fctten. Bitte lesen und befolgen Sie vor der Benutzung des Gasgrills die Bedienungsanleitung!<\/span>\n\t\t\t\t\t\t\t\t\t<\/li>\n\t\t\t\t\t\t\t\t<li class=\"elementor-icon-list-item\">\n\t\t\t\t\t\t\t\t\t\t\t<span class=\"elementor-icon-list-icon\">\n\t\t\t\t\t\t\t<i aria-hidden=\"true\" class=\"far fa-check-circle\"><\/i>\t\t\t\t\t\t<\/span>\n\t\t\t\t\t\t\t\t\t\t<span class=\"elementor-icon-list-text\">Die genauen Bedingungen f\u00fcr die Fahrradvermietung sind in der Fahrradvermietungsordnung ausf\u00fchrlich aufgef\u00fchrt. <\/span>\n\t\t\t\t\t\t\t\t\t<\/li>\n\t\t\t\t\t\t\t\t<li class=\"elementor-icon-list-item\">\n\t\t\t\t\t\t\t\t\t\t\t<span class=\"elementor-icon-list-icon\">\n\t\t\t\t\t\t\t<i aria-hidden=\"true\" class=\"far fa-check-circle\"><\/i>\t\t\t\t\t\t<\/span>\n\t\t\t\t\t\t\t\t\t\t<span class=\"elementor-icon-list-text\">Wir bitten unsere G\u00e4ste, sparsam mit Wasser und Strom umzugehen. Bitte schalten Sie Heizung\/Klimaanlage nicht bei ge\u00f6ffneten Fenstern ein. Bitte schalten Sie die Klimaanlage nur bei Bedarf ein und immer aus, wenn Sie das Haus verlassen.<\/span>\n\t\t\t\t\t\t\t\t\t<\/li>\n\t\t\t\t\t\t\t\t<li class=\"elementor-icon-list-item\">\n\t\t\t\t\t\t\t\t\t\t\t<span class=\"elementor-icon-list-icon\">\n\t\t\t\t\t\t\t<i aria-hidden=\"true\" class=\"far fa-check-circle\"><\/i>\t\t\t\t\t\t<\/span>\n\t\t\t\t\t\t\t\t\t\t<span class=\"elementor-icon-list-text\">Wir k\u00f6nnen im Zimmer zur\u00fcckgelassene Wertgegenst\u00e4nde f\u00fcr 2 Monate aufbewahren. Wenn Sie uns innerhalb der angegebenen Frist benachrichtigen, senden wir sie Ihnen per Post an die angegebene Adresse.<\/span>\n\t\t\t\t\t\t\t\t\t<\/li>\n\t\t\t\t\t\t\t\t<li class=\"elementor-icon-list-item\">\n\t\t\t\t\t\t\t\t\t\t\t<span class=\"elementor-icon-list-icon\">\n\t\t\t\t\t\t\t<i aria-hidden=\"true\" class=\"far fa-check-circle\"><\/i>\t\t\t\t\t\t<\/span>\n\t\t\t\t\t\t\t\t\t\t<span class=\"elementor-icon-list-text\">Um die Ruhe unserer G\u00e4ste zu gew\u00e4hrleisten, sind laute Ger\u00e4usche und Musik in der Wohnung und den Zimmern zwischen 22:00 und 7:00 Uhr verboten.<\/span>\n\t\t\t\t\t\t\t\t\t<\/li>\n\t\t\t\t\t\t\t\t<li class=\"elementor-icon-list-item\">\n\t\t\t\t\t\t\t\t\t\t\t<span class=\"elementor-icon-list-icon\">\n\t\t\t\t\t\t\t<i aria-hidden=\"true\" class=\"far fa-check-circle\"><\/i>\t\t\t\t\t\t<\/span>\n\t\t\t\t\t\t\t\t\t\t<span class=\"elementor-icon-list-text\">Der Unterkunftsleiter muss unverz\u00fcglich \u00fcber jeden Unfall oder jedes andere au\u00dfergew\u00f6hnliche Ereignis informiert werden. Bitte beachten Sie, dass der Unterkunftsbetreiber f\u00fcr Sch\u00e4den, die durch Ereignisse au\u00dferhalb seines Einflussbereichs entstehen (z. B. Naturkatastrophen, Hagel, Feuer, Stromausf\u00e4lle usw.), nicht haftet und keinen Schadensersatz leisten kann.<\/span>\n\t\t\t\t\t\t\t\t\t<\/li>\n\t\t\t\t\t\t\t\t<li class=\"elementor-icon-list-item\">\n\t\t\t\t\t\t\t\t\t\t\t<span class=\"elementor-icon-list-icon\">\n\t\t\t\t\t\t\t<i aria-hidden=\"true\" class=\"far fa-check-circle\"><\/i>\t\t\t\t\t\t<\/span>\n\t\t\t\t\t\t\t\t\t\t<span class=\"elementor-icon-list-text\">Der Beherbergungsbetrieb beh\u00e4lt sich das Recht vor, G\u00e4ste, die sich st\u00f6rend verhalten oder die Hausordnung nicht einhalten, nicht aufzunehmen oder sie unverz\u00fcglich aus der Unterkunft zu entfernen.<\/span>\n\t\t\t\t\t\t\t\t\t<\/li>\n\t\t\t\t\t\t<\/ul>\n\t\t\t\t\t\t<\/div>\n\t\t\t\t<\/div>\n\t\t\t\t<div class=\"elementor-element elementor-element-4031b04 elementor-widget elementor-widget-text-editor\" data-id=\"4031b04\" data-element_type=\"widget\" data-e-type=\"widget\" data-widget_type=\"text-editor.default\">\n\t\t\t\t<div class=\"elementor-widget-container\">\n\t\t\t\t\t\t\t\t\t<p>Wir k\u00f6nnen nachfolgende Beschwerden nicht annehmen!<\/p><p><strong>Wir w\u00fcnschen Ihnen eine gute Erholung und eine angenehme Zeit!<\/strong><\/p><p><em>\u00c9lm\u00e9ny G\u00e4stehaus<\/em><\/p>\t\t\t\t\t\t\t\t<\/div>\n\t\t\t\t<\/div>\n\t\t\t\t\t<\/div>\n\t\t\t\t<\/div>\n\t\t\t\t<\/div>","protected":false},"excerpt":{"rendered":"<p>A sz\u00e1ll\u00e1shely az \u00e9rkez\u00e9s napj\u00e1n 14.00 \u00f3r\u00e1t\u00f3l az elutaz\u00e1s napj\u00e1n d\u00e9lel\u0151tt 10.00 \u00f3r\u00e1ig \u00e1ll rendelkez\u00e9sre. K\u00fcl\u00f6n d\u00edjaz\u00e1s eset\u00e9ben lehet\u0151s\u00e9g van a sz\u00e1ll\u00e1s kor\u00e1bbi id\u0151pontban val\u00f3 elfoglal\u00e1s\u00e1ra, illetve a t\u00e1voz\u00e1s napj\u00e1n a k\u00e9sei t\u00e1voz\u00e1sra. Mindk\u00e9t esetben el\u0151zetes egyeztet\u00e9sre van sz\u00fcks\u00e9g. A lefoglalt id\u0151pont id\u0151 el\u0151tti elutaz\u00e1sa eset\u00e9n sz\u00e1ll\u00e1sd\u00edjat nem t\u00e9r\u00edt\u00fcnk vissza. A sz\u00e1ll\u00e1shelyet csak az el\u0151re [&hellip;]<\/p>\n","protected":false},"author":2,"featured_media":91,"parent":0,"menu_order":0,"comment_status":"closed","ping_status":"closed","template":"","meta":{"site-sidebar-layout":"no-sidebar","site-content-layout":"page-builder","ast-site-content-layout":"full-width-container","site-content-style":"default","site-sidebar-style":"default","ast-global-header-display":"","ast-banner-title-visibility":"","ast-main-header-display":"","ast-hfb-above-header-display":"","ast-hfb-below-header-display":"","ast-hfb-mobile-header-display":"","site-post-title":"","ast-breadcrumbs-content":"","ast-featured-img":"disabled","footer-sml-layout":"","ast-disable-related-posts":"","theme-transparent-header-meta":"","adv-header-id-meta":"","stick-header-meta":"","header-above-stick-meta":"","header-main-stick-meta":"","header-below-stick-meta":"","astra-migrate-meta-layouts":"default","ast-page-background-enabled":"default","ast-page-background-meta":{"desktop":{"background-color":"","background-image":"","background-repeat":"repeat","background-position":"center center","background-size":"auto","background-attachment":"scroll","background-type":"","background-media":"","overlay-type":"","overlay-color":"","overlay-opacity":"","overlay-gradient":""},"tablet":{"background-color":"","background-image":"","background-repeat":"repeat","background-position":"center center","background-size":"auto","background-attachment":"scroll","background-type":"","background-media":"","overlay-type":"","overlay-color":"","overlay-opacity":"","overlay-gradient":""},"mobile":{"background-color":"","background-image":"","background-repeat":"repeat","background-position":"center center","background-size":"auto","background-attachment":"scroll","background-type":"","background-media":"","overlay-type":"","overlay-color":"","overlay-opacity":"","overlay-gradient":""}},"ast-content-background-meta":{"desktop":{"background-color":"var(--ast-global-color-5)","background-image":"","background-repeat":"repeat","background-position":"center center","background-size":"auto","background-attachment":"scroll","background-type":"","background-media":"","overlay-type":"","overlay-color":"","overlay-opacity":"","overlay-gradient":""},"tablet":{"background-color":"var(--ast-global-color-5)","background-image":"","background-repeat":"repeat","background-position":"center center","background-size":"auto","background-attachment":"scroll","background-type":"","background-media":"","overlay-type":"","overlay-color":"","overlay-opacity":"","overlay-gradient":""},"mobile":{"background-color":"var(--ast-global-color-5)","background-image":"","background-repeat":"repeat","background-position":"center center","background-size":"auto","background-attachment":"scroll","background-type":"","background-media":"","overlay-type":"","overlay-color":"","overlay-opacity":"","overlay-gradient":""}},"footnotes":""},"class_list":["post-1394","page","type-page","status-publish","has-post-thumbnail","hentry"],"jetpack_sharing_enabled":true,"_links":{"self":[{"href":"https:\/\/elmenyvendeghaz.hu\/de\/wp-json\/wp\/v2\/pages\/1394","targetHints":{"allow":["GET"]}}],"collection":[{"href":"https:\/\/elmenyvendeghaz.hu\/de\/wp-json\/wp\/v2\/pages"}],"about":[{"href":"https:\/\/elmenyvendeghaz.hu\/de\/wp-json\/wp\/v2\/types\/page"}],"author":[{"embeddable":true,"href":"https:\/\/elmenyvendeghaz.hu\/de\/wp-json\/wp\/v2\/users\/2"}],"replies":[{"embeddable":true,"href":"https:\/\/elmenyvendeghaz.hu\/de\/wp-json\/wp\/v2\/comments?post=1394"}],"version-history":[{"count":10,"href":"https:\/\/elmenyvendeghaz.hu\/de\/wp-json\/wp\/v2\/pages\/1394\/revisions"}],"predecessor-version":[{"id":2058,"href":"https:\/\/elmenyvendeghaz.hu\/de\/wp-json\/wp\/v2\/pages\/1394\/revisions\/2058"}],"wp:featuredmedia":[{"embeddable":true,"href":"https:\/\/elmenyvendeghaz.hu\/de\/wp-json\/wp\/v2\/media\/91"}],"wp:attachment":[{"href":"https:\/\/elmenyvendeghaz.hu\/de\/wp-json\/wp\/v2\/media?parent=1394"}],"curies":[{"name":"wp","href":"https:\/\/api.w.org\/{rel}","templated":true}]}}