{"id":1310,"date":"2025-12-04T15:56:46","date_gmt":"2025-12-04T14:56:46","guid":{"rendered":"http:\/\/elmenyvendeghaz.hu\/?page_id=1310"},"modified":"2025-12-21T14:37:49","modified_gmt":"2025-12-21T13:37:49","slug":"foglalasi-feltetelek","status":"publish","type":"page","link":"https:\/\/elmenyvendeghaz.hu\/de\/foglalasi-feltetelek\/","title":{"rendered":"Foglal\u00e1si felt\u00e9telek"},"content":{"rendered":"<div data-elementor-type=\"wp-page\" data-elementor-id=\"1310\" class=\"elementor elementor-1310\" data-elementor-post-type=\"page\">\n\t\t\t\t<div class=\"elementor-element elementor-element-3de146b e-flex e-con-boxed e-con e-parent\" data-id=\"3de146b\" data-element_type=\"container\" data-e-type=\"container\">\n\t\t\t\t\t<div class=\"e-con-inner\">\n\t\t\t\t<div class=\"elementor-element elementor-element-815eb36 elementor-widget elementor-widget-text-editor\" data-id=\"815eb36\" data-element_type=\"widget\" data-e-type=\"widget\" data-widget_type=\"text-editor.default\">\n\t\t\t\t<div class=\"elementor-widget-container\">\n\t\t\t\t\t\t\t\t\t<p><b>A SZOLG\u00c1LTAT\u00c1S IG\u00c9NYBEV\u00c9TEL\u00c9NEK M\u00d3DJA \u00c9S FELT\u00c9TELEI<\/b><\/p><p><b>1.<\/b> A lefoglalt szoba vagy apartman az \u00e9rkez\u00e9s napj\u00e1n 14:00 \u00f3r\u00e1t\u00f3l foglalhat\u00f3 el, \u00e9s a t\u00e1voz\u00e1s napj\u00e1n 10:00 \u00f3r\u00e1ig kell elhagyni. A felek ett\u0151l elt\u00e9r\u0151en k\u00fcl\u00f6n is meg\u00e1llapodhatnak, amelyet a visszaigazol\u00e1sban szerepelhetnek.<\/p><p><b>2. <\/b>A vend\u00e9gek k\u00f6telesek szem\u00e9lyazonoss\u00e1gukat a hat\u00e1lyos jogszab\u00e1lyoknak megfelel\u0151en igazolni a sz\u00e1ll\u00e1s elfoglal\u00e1sa el\u0151tt.<\/p><p><b>3.<\/b> A Szolg\u00e1ltat\u00f3 a felek erre ir\u00e1nyul\u00f3 el\u0151zetes meg\u00e1llapod\u00e1sa eset\u00e9n kor\u00e1bbi \u00e9rkez\u00e9st \u00e9s k\u00e9sei kijelentkez\u00e9st biztos\u00edthat a Vend\u00e9gek sz\u00e1m\u00e1ra, 10:00 \u00e9s 16.00 k\u00f6z\u00f6tti t\u00e1voz\u00e1s egy\u00e9ni megegyez\u00e9s alapj\u00e1n, m\u00edg 16:00 \u00f3ra ut\u00e1ni t\u00e1voz\u00e1s eset\u00e9n 1 \u00e9jszaka sz\u00e1ll\u00e1s d\u00edj\u00e1nak megfelel\u0151 \u00f6sszeg ellen\u00e9ben.<\/p><p><b>4. <\/b>A tart\u00f3zkod\u00e1s sor\u00e1n sz\u00fcks\u00e9ges inform\u00e1ci\u00f3k megtal\u00e1lhat\u00f3ak az apartmanban elhelyezett ismertet\u0151ben. A Vend\u00e9g a foglal\u00e1s elk\u00fcld\u00e9s\u00e9vel elfogadja az \u00c1ltal\u00e1nos Szerz\u0151d\u00e9si Felt\u00e9teleket, \u00e9s azt k\u00f6teles betartani, harmadik szem\u00e9lyekkel betartatni.<\/p>\t\t\t\t\t\t\t\t<\/div>\n\t\t\t\t<\/div>\n\t\t\t\t\t<\/div>\n\t\t\t\t<\/div>\n\t\t\t\t<\/div>","protected":false},"excerpt":{"rendered":"<p>A SZOLG\u00c1LTAT\u00c1S IG\u00c9NYBEV\u00c9TEL\u00c9NEK M\u00d3DJA \u00c9S FELT\u00c9TELEI 1. A lefoglalt szoba vagy apartman az \u00e9rkez\u00e9s napj\u00e1n 14:00 \u00f3r\u00e1t\u00f3l foglalhat\u00f3 el, \u00e9s a t\u00e1voz\u00e1s napj\u00e1n 10:00 \u00f3r\u00e1ig kell elhagyni. A felek ett\u0151l elt\u00e9r\u0151en k\u00fcl\u00f6n is meg\u00e1llapodhatnak, amelyet a visszaigazol\u00e1sban szerepelhetnek. 2. A vend\u00e9gek k\u00f6telesek szem\u00e9lyazonoss\u00e1gukat a hat\u00e1lyos jogszab\u00e1lyoknak megfelel\u0151en igazolni a sz\u00e1ll\u00e1s elfoglal\u00e1sa el\u0151tt. 3. A Szolg\u00e1ltat\u00f3 [&hellip;]<\/p>\n","protected":false},"author":2,"featured_media":91,"parent":0,"menu_order":0,"comment_status":"closed","ping_status":"closed","template":"","meta":{"site-sidebar-layout":"no-sidebar","site-content-layout":"page-builder","ast-site-content-layout":"full-width-container","site-content-style":"default","site-sidebar-style":"default","ast-global-header-display":"","ast-banner-title-visibility":"","ast-main-header-display":"","ast-hfb-above-header-display":"","ast-hfb-below-header-display":"","ast-hfb-mobile-header-display":"","site-post-title":"","ast-breadcrumbs-content":"","ast-featured-img":"disabled","footer-sml-layout":"","ast-disable-related-posts":"","theme-transparent-header-meta":"","adv-header-id-meta":"","stick-header-meta":"","header-above-stick-meta":"","header-main-stick-meta":"","header-below-stick-meta":"","astra-migrate-meta-layouts":"set","ast-page-background-enabled":"default","ast-page-background-meta":{"desktop":{"background-color":"","background-image":"","background-repeat":"repeat","background-position":"center center","background-size":"auto","background-attachment":"scroll","background-type":"","background-media":"","overlay-type":"","overlay-color":"","overlay-opacity":"","overlay-gradient":""},"tablet":{"background-color":"","background-image":"","background-repeat":"repeat","background-position":"center center","background-size":"auto","background-attachment":"scroll","background-type":"","background-media":"","overlay-type":"","overlay-color":"","overlay-opacity":"","overlay-gradient":""},"mobile":{"background-color":"","background-image":"","background-repeat":"repeat","background-position":"center center","background-size":"auto","background-attachment":"scroll","background-type":"","background-media":"","overlay-type":"","overlay-color":"","overlay-opacity":"","overlay-gradient":""}},"ast-content-background-meta":{"desktop":{"background-color":"var(--ast-global-color-5)","background-image":"","background-repeat":"repeat","background-position":"center center","background-size":"auto","background-attachment":"scroll","background-type":"","background-media":"","overlay-type":"","overlay-color":"","overlay-opacity":"","overlay-gradient":""},"tablet":{"background-color":"var(--ast-global-color-5)","background-image":"","background-repeat":"repeat","background-position":"center center","background-size":"auto","background-attachment":"scroll","background-type":"","background-media":"","overlay-type":"","overlay-color":"","overlay-opacity":"","overlay-gradient":""},"mobile":{"background-color":"var(--ast-global-color-5)","background-image":"","background-repeat":"repeat","background-position":"center center","background-size":"auto","background-attachment":"scroll","background-type":"","background-media":"","overlay-type":"","overlay-color":"","overlay-opacity":"","overlay-gradient":""}},"footnotes":""},"class_list":["post-1310","page","type-page","status-publish","has-post-thumbnail","hentry"],"jetpack_sharing_enabled":true,"_links":{"self":[{"href":"https:\/\/elmenyvendeghaz.hu\/de\/wp-json\/wp\/v2\/pages\/1310","targetHints":{"allow":["GET"]}}],"collection":[{"href":"https:\/\/elmenyvendeghaz.hu\/de\/wp-json\/wp\/v2\/pages"}],"about":[{"href":"https:\/\/elmenyvendeghaz.hu\/de\/wp-json\/wp\/v2\/types\/page"}],"author":[{"embeddable":true,"href":"https:\/\/elmenyvendeghaz.hu\/de\/wp-json\/wp\/v2\/users\/2"}],"replies":[{"embeddable":true,"href":"https:\/\/elmenyvendeghaz.hu\/de\/wp-json\/wp\/v2\/comments?post=1310"}],"version-history":[{"count":4,"href":"https:\/\/elmenyvendeghaz.hu\/de\/wp-json\/wp\/v2\/pages\/1310\/revisions"}],"predecessor-version":[{"id":1693,"href":"https:\/\/elmenyvendeghaz.hu\/de\/wp-json\/wp\/v2\/pages\/1310\/revisions\/1693"}],"wp:featuredmedia":[{"embeddable":true,"href":"https:\/\/elmenyvendeghaz.hu\/de\/wp-json\/wp\/v2\/media\/91"}],"wp:attachment":[{"href":"https:\/\/elmenyvendeghaz.hu\/de\/wp-json\/wp\/v2\/media?parent=1310"}],"curies":[{"name":"wp","href":"https:\/\/api.w.org\/{rel}","templated":true}]}}