{"id":1305,"date":"2025-12-04T15:55:44","date_gmt":"2025-12-04T14:55:44","guid":{"rendered":"http:\/\/elmenyvendeghaz.hu\/?page_id=1305"},"modified":"2026-01-22T22:57:13","modified_gmt":"2026-01-22T21:57:13","slug":"lemondasi-feltetelek","status":"publish","type":"page","link":"https:\/\/elmenyvendeghaz.hu\/de\/lemondasi-feltetelek\/","title":{"rendered":"Lemond\u00e1si felt\u00e9telek"},"content":{"rendered":"<div data-elementor-type=\"wp-page\" data-elementor-id=\"1305\" class=\"elementor elementor-1305\" data-elementor-post-type=\"page\">\n\t\t\t\t<div class=\"elementor-element elementor-element-e6e2abd e-flex e-con-boxed e-con e-parent\" data-id=\"e6e2abd\" data-element_type=\"container\" data-e-type=\"container\">\n\t\t\t\t\t<div class=\"e-con-inner\">\n\t\t\t\t<div class=\"elementor-element elementor-element-ddddf40 elementor-widget elementor-widget-text-editor\" data-id=\"ddddf40\" data-element_type=\"widget\" data-e-type=\"widget\" data-widget_type=\"text-editor.default\">\n\t\t\t\t<div class=\"elementor-widget-container\">\n\t\t\t\t\t\t\t\t\t<p><strong>1.<\/strong> A lefoglalt sz\u00e1ll\u00e1s az \u00e9rkez\u00e9s el\u0151tti 20. napig k\u00f6tb\u00e9rmentesen lemondhat\u00f3.\u00a0<\/p><p><strong>2.<\/strong> Amennyiben a Vend\u00e9g a foglal\u00e1st az \u00e9rkez\u00e9st megel\u0151z\u0151 19 napon bel\u00fcl k\u00edv\u00e1nja lemondani, \u00fagy a szolg\u00e1ltat\u00e1sok teljes \u00f6sszeg\u00e9nek 50%-nak megfelel\u0151 m\u00e9rt\u00e9k\u0171 lemond\u00e1si d\u00edj mellett mondhatja le.\u00a0<\/p><p><strong>3.<\/strong> Amennyiben a Vend\u00e9g \u00e1ltali lemond\u00e1sra az \u00e9rkez\u00e9st megel\u0151z\u0151 72 \u00f3r\u00e1n bel\u00fcl ker\u00fcl sor, illet\u0151leg a Vend\u00e9g nem \u00e9rkezik meg, a lemond\u00e1si d\u00edj a megrendelt szolg\u00e1ltat\u00e1s ellen\u00e9rt\u00e9k\u00e9nek 100%-a.\u00a0<\/p><p><strong>4.<\/strong> A Vend\u00e9g a foglal\u00e1st kiz\u00e1r\u00f3lag e-mailben jogosult lemondani.<\/p><p><strong>5.<\/strong> A Vend\u00e9g k\u00f6teles a foglal\u00e1si d\u00edjat, amely a sz\u00e1ll\u00e1sd\u00edj 30%-a, az \u00e9rkez\u00e9s napj\u00e1t megel\u0151z\u0151 14. napig megfizetni.\u00a0<\/p><p><strong>6.<\/strong> A d\u00edjfizet\u00e9s akkor min\u0151s\u00fcl teljes\u00edtettnek, ha az a jelen pont szerinti hat\u00e1rid\u0151ben j\u00f3v\u00e1\u00edr\u00e1sra ker\u00fcl a Szolg\u00e1ltat\u00f3 banksz\u00e1ml\u00e1j\u00e1n.\u00a0<\/p><p><strong>7.<\/strong> Amennyiben a Vend\u00e9g nem teljes\u00edti hat\u00e1rid\u0151ben az el\u0151leg megfizet\u00e9s\u00e9t, az a szolg\u00e1ltat\u00e1s lemond\u00e1s\u00e1nak min\u0151s\u00fcl.<\/p>\t\t\t\t\t\t\t\t<\/div>\n\t\t\t\t<\/div>\n\t\t\t\t\t<\/div>\n\t\t\t\t<\/div>\n\t\t\t\t<\/div>","protected":false},"excerpt":{"rendered":"<p>1. A lefoglalt sz\u00e1ll\u00e1s az \u00e9rkez\u00e9s el\u0151tti 20. napig k\u00f6tb\u00e9rmentesen lemondhat\u00f3.\u00a0 2. Amennyiben a Vend\u00e9g a foglal\u00e1st az \u00e9rkez\u00e9st megel\u0151z\u0151 19 napon bel\u00fcl k\u00edv\u00e1nja lemondani, \u00fagy a szolg\u00e1ltat\u00e1sok teljes \u00f6sszeg\u00e9nek 50%-nak megfelel\u0151 m\u00e9rt\u00e9k\u0171 lemond\u00e1si d\u00edj mellett mondhatja le.\u00a0 3. Amennyiben a Vend\u00e9g \u00e1ltali lemond\u00e1sra az \u00e9rkez\u00e9st megel\u0151z\u0151 72 \u00f3r\u00e1n bel\u00fcl ker\u00fcl sor, illet\u0151leg a Vend\u00e9g [&hellip;]<\/p>\n","protected":false},"author":2,"featured_media":91,"parent":0,"menu_order":0,"comment_status":"closed","ping_status":"closed","template":"","meta":{"site-sidebar-layout":"no-sidebar","site-content-layout":"page-builder","ast-site-content-layout":"full-width-container","site-content-style":"default","site-sidebar-style":"default","ast-global-header-display":"","ast-banner-title-visibility":"","ast-main-header-display":"","ast-hfb-above-header-display":"","ast-hfb-below-header-display":"","ast-hfb-mobile-header-display":"","site-post-title":"","ast-breadcrumbs-content":"","ast-featured-img":"disabled","footer-sml-layout":"","ast-disable-related-posts":"","theme-transparent-header-meta":"","adv-header-id-meta":"","stick-header-meta":"","header-above-stick-meta":"","header-main-stick-meta":"","header-below-stick-meta":"","astra-migrate-meta-layouts":"set","ast-page-background-enabled":"default","ast-page-background-meta":{"desktop":{"background-color":"","background-image":"","background-repeat":"repeat","background-position":"center center","background-size":"auto","background-attachment":"scroll","background-type":"","background-media":"","overlay-type":"","overlay-color":"","overlay-opacity":"","overlay-gradient":""},"tablet":{"background-color":"","background-image":"","background-repeat":"repeat","background-position":"center center","background-size":"auto","background-attachment":"scroll","background-type":"","background-media":"","overlay-type":"","overlay-color":"","overlay-opacity":"","overlay-gradient":""},"mobile":{"background-color":"","background-image":"","background-repeat":"repeat","background-position":"center center","background-size":"auto","background-attachment":"scroll","background-type":"","background-media":"","overlay-type":"","overlay-color":"","overlay-opacity":"","overlay-gradient":""}},"ast-content-background-meta":{"desktop":{"background-color":"var(--ast-global-color-5)","background-image":"","background-repeat":"repeat","background-position":"center center","background-size":"auto","background-attachment":"scroll","background-type":"","background-media":"","overlay-type":"","overlay-color":"","overlay-opacity":"","overlay-gradient":""},"tablet":{"background-color":"var(--ast-global-color-5)","background-image":"","background-repeat":"repeat","background-position":"center center","background-size":"auto","background-attachment":"scroll","background-type":"","background-media":"","overlay-type":"","overlay-color":"","overlay-opacity":"","overlay-gradient":""},"mobile":{"background-color":"var(--ast-global-color-5)","background-image":"","background-repeat":"repeat","background-position":"center center","background-size":"auto","background-attachment":"scroll","background-type":"","background-media":"","overlay-type":"","overlay-color":"","overlay-opacity":"","overlay-gradient":""}},"footnotes":""},"class_list":["post-1305","page","type-page","status-publish","has-post-thumbnail","hentry"],"jetpack_sharing_enabled":true,"_links":{"self":[{"href":"https:\/\/elmenyvendeghaz.hu\/de\/wp-json\/wp\/v2\/pages\/1305","targetHints":{"allow":["GET"]}}],"collection":[{"href":"https:\/\/elmenyvendeghaz.hu\/de\/wp-json\/wp\/v2\/pages"}],"about":[{"href":"https:\/\/elmenyvendeghaz.hu\/de\/wp-json\/wp\/v2\/types\/page"}],"author":[{"embeddable":true,"href":"https:\/\/elmenyvendeghaz.hu\/de\/wp-json\/wp\/v2\/users\/2"}],"replies":[{"embeddable":true,"href":"https:\/\/elmenyvendeghaz.hu\/de\/wp-json\/wp\/v2\/comments?post=1305"}],"version-history":[{"count":10,"href":"https:\/\/elmenyvendeghaz.hu\/de\/wp-json\/wp\/v2\/pages\/1305\/revisions"}],"predecessor-version":[{"id":2196,"href":"https:\/\/elmenyvendeghaz.hu\/de\/wp-json\/wp\/v2\/pages\/1305\/revisions\/2196"}],"wp:featuredmedia":[{"embeddable":true,"href":"https:\/\/elmenyvendeghaz.hu\/de\/wp-json\/wp\/v2\/media\/91"}],"wp:attachment":[{"href":"https:\/\/elmenyvendeghaz.hu\/de\/wp-json\/wp\/v2\/media?parent=1305"}],"curies":[{"name":"wp","href":"https:\/\/api.w.org\/{rel}","templated":true}]}}