{"id":1280,"date":"2025-12-03T21:43:18","date_gmt":"2025-12-03T20:43:18","guid":{"rendered":"http:\/\/elmenyvendeghaz.hu\/?page_id=1280"},"modified":"2026-01-02T01:34:53","modified_gmt":"2026-01-02T00:34:53","slug":"impresszum","status":"publish","type":"page","link":"https:\/\/elmenyvendeghaz.hu\/de\/impresszum\/","title":{"rendered":"Impressum"},"content":{"rendered":"<div data-elementor-type=\"wp-page\" data-elementor-id=\"1280\" class=\"elementor elementor-1280\" data-elementor-post-type=\"page\">\n\t\t\t\t<div class=\"elementor-element elementor-element-dc49802 e-flex e-con-boxed e-con e-parent\" data-id=\"dc49802\" data-element_type=\"container\" data-e-type=\"container\">\n\t\t\t\t\t<div class=\"e-con-inner\">\n\t\t\t\t<div class=\"elementor-element elementor-element-227b6c3 elementor-widget elementor-widget-text-editor\" data-id=\"227b6c3\" data-element_type=\"widget\" data-e-type=\"widget\" data-widget_type=\"text-editor.default\">\n\t\t\t\t<div class=\"elementor-widget-container\">\n\t\t\t\t\t\t\t\t\t<p><strong>Name:<\/strong> \u00c1cs Ferenc J\u00f3zsef<br \/><strong>Hauptsitz<\/strong> 8840 Csurg\u00f3, T\u00f6r\u00f6k B\u00e1lint utca 14.<br \/><strong>Steuernummer:<\/strong> 74204179-1-34<\/p><p><strong>Adresse der Unterkunft:<\/strong> 8840 Csurg\u00f3, R\u00e1k\u00f3czi utca 85.<br \/><strong>NTAK-Nummer:<\/strong> MA21001290<br \/><strong>Telefonnummer:<\/strong> +36 30 564 3678<br \/><strong>E-mail:<\/strong> info@elmenyvendeghaz.hu, zimmermann1@freemail.hu<\/p>\t\t\t\t\t\t\t\t<\/div>\n\t\t\t\t<\/div>\n\t\t\t\t\t<\/div>\n\t\t\t\t<\/div>\n\t\t\t\t<\/div>","protected":false},"excerpt":{"rendered":"<p>N\u00e9v: \u00c1cs Ferenc J\u00f3zsefC\u00edm: 8840 Csurg\u00f3, T\u00f6r\u00f6k B\u00e1lint utca 14.Ad\u00f3sz\u00e1m: 74204179-1-34 Sz\u00e1ll\u00e1shely c\u00edme: 8840 Csurg\u00f3, R\u00e1k\u00f3czi utca 85.NTAK sz\u00e1m: MA21001290Telefon: +36 30 564 3678E-mail: info@elmenyvendeghaz.hu, zimmermann1@freemail.hu<\/p>","protected":false},"author":2,"featured_media":91,"parent":0,"menu_order":0,"comment_status":"closed","ping_status":"closed","template":"","meta":{"site-sidebar-layout":"no-sidebar","site-content-layout":"page-builder","ast-site-content-layout":"full-width-container","site-content-style":"default","site-sidebar-style":"default","ast-global-header-display":"","ast-banner-title-visibility":"","ast-main-header-display":"","ast-hfb-above-header-display":"","ast-hfb-below-header-display":"","ast-hfb-mobile-header-display":"","site-post-title":"","ast-breadcrumbs-content":"","ast-featured-img":"disabled","footer-sml-layout":"","ast-disable-related-posts":"","theme-transparent-header-meta":"","adv-header-id-meta":"","stick-header-meta":"","header-above-stick-meta":"","header-main-stick-meta":"","header-below-stick-meta":"","astra-migrate-meta-layouts":"set","ast-page-background-enabled":"default","ast-page-background-meta":{"desktop":{"background-color":"","background-image":"","background-repeat":"repeat","background-position":"center center","background-size":"auto","background-attachment":"scroll","background-type":"","background-media":"","overlay-type":"","overlay-color":"","overlay-opacity":"","overlay-gradient":""},"tablet":{"background-color":"","background-image":"","background-repeat":"repeat","background-position":"center center","background-size":"auto","background-attachment":"scroll","background-type":"","background-media":"","overlay-type":"","overlay-color":"","overlay-opacity":"","overlay-gradient":""},"mobile":{"background-color":"","background-image":"","background-repeat":"repeat","background-position":"center center","background-size":"auto","background-attachment":"scroll","background-type":"","background-media":"","overlay-type":"","overlay-color":"","overlay-opacity":"","overlay-gradient":""}},"ast-content-background-meta":{"desktop":{"background-color":"var(--ast-global-color-5)","background-image":"","background-repeat":"repeat","background-position":"center center","background-size":"auto","background-attachment":"scroll","background-type":"","background-media":"","overlay-type":"","overlay-color":"","overlay-opacity":"","overlay-gradient":""},"tablet":{"background-color":"var(--ast-global-color-5)","background-image":"","background-repeat":"repeat","background-position":"center center","background-size":"auto","background-attachment":"scroll","background-type":"","background-media":"","overlay-type":"","overlay-color":"","overlay-opacity":"","overlay-gradient":""},"mobile":{"background-color":"var(--ast-global-color-5)","background-image":"","background-repeat":"repeat","background-position":"center center","background-size":"auto","background-attachment":"scroll","background-type":"","background-media":"","overlay-type":"","overlay-color":"","overlay-opacity":"","overlay-gradient":""}},"footnotes":""},"class_list":["post-1280","page","type-page","status-publish","has-post-thumbnail","hentry"],"jetpack_sharing_enabled":true,"_links":{"self":[{"href":"https:\/\/elmenyvendeghaz.hu\/de\/wp-json\/wp\/v2\/pages\/1280","targetHints":{"allow":["GET"]}}],"collection":[{"href":"https:\/\/elmenyvendeghaz.hu\/de\/wp-json\/wp\/v2\/pages"}],"about":[{"href":"https:\/\/elmenyvendeghaz.hu\/de\/wp-json\/wp\/v2\/types\/page"}],"author":[{"embeddable":true,"href":"https:\/\/elmenyvendeghaz.hu\/de\/wp-json\/wp\/v2\/users\/2"}],"replies":[{"embeddable":true,"href":"https:\/\/elmenyvendeghaz.hu\/de\/wp-json\/wp\/v2\/comments?post=1280"}],"version-history":[{"count":7,"href":"https:\/\/elmenyvendeghaz.hu\/de\/wp-json\/wp\/v2\/pages\/1280\/revisions"}],"predecessor-version":[{"id":1304,"href":"https:\/\/elmenyvendeghaz.hu\/de\/wp-json\/wp\/v2\/pages\/1280\/revisions\/1304"}],"wp:featuredmedia":[{"embeddable":true,"href":"https:\/\/elmenyvendeghaz.hu\/de\/wp-json\/wp\/v2\/media\/91"}],"wp:attachment":[{"href":"https:\/\/elmenyvendeghaz.hu\/de\/wp-json\/wp\/v2\/media?parent=1280"}],"curies":[{"name":"wp","href":"https:\/\/api.w.org\/{rel}","templated":true}]}}